{"id":193,"date":"2017-06-02T14:08:11","date_gmt":"2017-06-02T14:08:11","guid":{"rendered":"http:\/\/cheaper2you.apps-1and1.net\/?page_id=193"},"modified":"2018-07-11T13:56:17","modified_gmt":"2018-07-11T13:56:17","slug":"accueil","status":"publish","type":"page","link":"https:\/\/cheaper2you.com\/fr\/","title":{"rendered":"Accueil"},"content":{"rendered":"<h1 class=\"breaking-headline\">Bienvenue<\/h1>\n<div class=\"row\">\n<div class=\"col col-sm-12\">\n<div class=\"index-big wow fadeInLeft\" data-wow-delay=\"300ms\" data-wow-duration=\"900ms\">\n<div class=\"txt textstyles text-word-wrap\">cheaper2you ist das gro\u00dfe online factory outlet mit Internationalen Food, Pflege &#8211; und Verbrauchsartikeln f\u00fcr Gesch\u00e4ftskunden und alle die gerne g\u00fcnstiger direkt ab Werk einkaufen wollen. Dieses Portal ist einzigartig. Der Direktverkauf ab Werk bzw. dem Amazon Zentrallager im handels\u00fcblichen Umkarton, erm\u00f6glicht nun allen Kunden den g\u00fcnstigeren Einstandspreis der H\u00e4ndler und Gro\u00dfh\u00e4ndler zu erzielen. Die Auswahl der Produkte wird direkt \u00fcber das Portal ausgesucht und w\u00f6chentlich werden neue Produkte aufgeschaltet Die Lieferung erfolgt \u00fcber Amazon. Auch das Checkout kann gew\u00fcnscht \u00fcber Amazon erfolgen, dann ist keine umst\u00e4ndliche Registrierung in unserem Outlet-Shop erforderlich.<\/div>\n<\/div>\n<\/div>\n<\/div>\n<div class=\"row section-recent-products\">\n<div class=\"col col-sm-12\">\n<h2>Recent products<\/h2>\n<div class=\"woocommerce columns-4 \"><\/div>\n<\/div>\n<\/div>\n<div class=\"row section-featured-products\">\n<div class=\"col col-sm-12\">\n<h2>Featured products<\/h2>\n<div class=\"woocommerce columns-4 \"><\/div>\n<\/div>\n<\/div>\n","protected":false},"excerpt":{"rendered":"<p>Bienvenue cheaper2you ist das gro\u00dfe online factory outlet mit Internationalen Food, Pflege &#8211; und Verbrauchsartikeln f\u00fcr Gesch\u00e4ftskunden und alle die gerne g\u00fcnstiger direkt ab Werk einkaufen wollen. Dieses Portal ist einzigartig. Der Direktverkauf ab Werk bzw. dem Amazon Zentrallager im handels\u00fcblichen Umkarton, erm\u00f6glicht nun allen Kunden den g\u00fcnstigeren Einstandspreis der H\u00e4ndler und Gro\u00dfh\u00e4ndler zu erzielen. [&hellip;]<\/p>\n","protected":false},"author":1,"featured_media":0,"parent":0,"menu_order":0,"comment_status":"closed","ping_status":"open","template":"","meta":{"footnotes":""},"class_list":["post-193","page","type-page","status-publish","hentry"],"_links":{"self":[{"href":"https:\/\/cheaper2you.com\/fr\/wp-json\/wp\/v2\/pages\/193","targetHints":{"allow":["GET"]}}],"collection":[{"href":"https:\/\/cheaper2you.com\/fr\/wp-json\/wp\/v2\/pages"}],"about":[{"href":"https:\/\/cheaper2you.com\/fr\/wp-json\/wp\/v2\/types\/page"}],"author":[{"embeddable":true,"href":"https:\/\/cheaper2you.com\/fr\/wp-json\/wp\/v2\/users\/1"}],"replies":[{"embeddable":true,"href":"https:\/\/cheaper2you.com\/fr\/wp-json\/wp\/v2\/comments?post=193"}],"version-history":[{"count":3,"href":"https:\/\/cheaper2you.com\/fr\/wp-json\/wp\/v2\/pages\/193\/revisions"}],"predecessor-version":[{"id":20168,"href":"https:\/\/cheaper2you.com\/fr\/wp-json\/wp\/v2\/pages\/193\/revisions\/20168"}],"wp:attachment":[{"href":"https:\/\/cheaper2you.com\/fr\/wp-json\/wp\/v2\/media?parent=193"}],"curies":[{"name":"wp","href":"https:\/\/api.w.org\/{rel}","templated":true}]}}