{"id":82,"date":"2017-05-22T08:16:53","date_gmt":"2017-05-22T08:16:53","guid":{"rendered":"http:\/\/cheaper2you.apps-1and1.net\/?page_id=82"},"modified":"2023-03-03T11:00:41","modified_gmt":"2023-03-03T11:00:41","slug":"impressum","status":"publish","type":"page","link":"https:\/\/cheaper2you.com\/de\/impressum\/","title":{"rendered":"Impressum"},"content":{"rendered":"<p>Alle Daten auf den Servern der scanmiles GmbH sind mit gr\u00f6\u00dfter Sorgfalt gepr\u00fcft. Eine Gew\u00e4hr f\u00fcr Richtigkeit, Vollst\u00e4ndigkeit und Aktualit\u00e4t kann jedoch nicht \u00fcbernommen werden, insbesondere nicht f\u00fcr die unternehmenseigenen Angaben unserer Kunden. Jegliche Haftung, insbesondere f\u00fcr eventuelle Sch\u00e4den oder Konsequenzen, die durch die Nutzung der angebotenen Informationen entstehen, ist ausgeschlossen. Dies gilt ebenfalls f\u00fcr alle anderen direkt oder indirekt angef\u00fchrten Websites, auf die mittels eines Hyperlinks verwiesen wird. mynetfair ist f\u00fcr den Inhalt und die Einhaltung des Datenschutzes solcher Websites, die mit diesen Links erreicht werden, nicht verantwortlich. Sollten Sie auf fehlerhafte Informationen oder Verweise sto\u00dfen, freuen wir uns \u00fcber einen Hinweis per E-Mail.<br \/>\nAnregungen und Kritik senden Sie bitte ebenfalls an<\/p>\n<p><u><a href=\"mailto:info@scanmiles.net\">info@cheaper2you.com<\/a><\/u><\/p>\n<p><strong>scanmiles GmbH<\/strong><br \/>\nZentrum am Markt<br \/>\nEurodistrict Strasbourg\/Ortenau<br \/>\nBlumenstr. 2<br \/>\n77694 Kehl am Rhein<br \/>\nDeutschland \/ Germany<\/p>\n<p><u><a href=\"http:\/\/www.scanmiles.net\">www.cheaper2you.com<\/a><\/u><\/p>\n<p>Die scanmiles GmbH ist eine 100%-ige Beteiligung der<\/p>\n<p>mynetfair AG<br \/>\nBlumenstr. 2<br \/>\n77694 Kehl am Rhein<br \/>\nDeutschland \/ Germany<\/p>\n<p>Betrieb<\/p>\n<p><strong>scanmiles GmbH<\/strong><br \/>\nZentrum am Markt<br \/>\nEurodistrict Strasbourg\/Ortenau<br \/>\nBlumenstr. 2<br \/>\n77694 Kehl am Rhein<br \/>\nDeutschland \/ Germany<br \/>\nTelefon +49 7851 6188-0<br \/>\nFax +49 7851 6188-299<\/p>\n<p><u><a href=\"http:\/\/www.scanmiles.net\">www.cheaper2you.com<\/a><\/u><\/p>\n<p>Unternehmensangaben nach \u00a7 5 Telemediengesetz (TMG):<\/p>\n<p><strong>scanmiles GmbH<\/strong><br \/>\nZentrum am Markt<br \/>\nEurodistrict Strasbourg\/Ortenau<br \/>\nBlumenstr. 2<br \/>\n77694 Kehl am Rhein<br \/>\nDeutschland \/ Germany<\/p>\n<p><strong>Handelsregister:<\/strong><br \/>\nAmtsgericht Freiburg i. Br. HRB 707525<br \/>\nUSt.IdNr. DE279259123<\/p>\n<p><strong>Gesch\u00e4ftsf\u00fchrer:<\/strong><br \/>\nR\u00fcdiger Goll\u00fccke<\/p>\n<p>Verantwortlich im Sinne des Presserechts und des \u00a7 5 des Telemediengesetzes (TMG):<\/p>\n<p>R\u00fcdiger Goll\u00fccke (Gesch\u00e4ftsf\u00fchrer)<br \/>\nscanmiles GmbH<br \/>\nZentrum am Markt<br \/>\nEurodistrict Strasbourg\/Ortenau<br \/>\nBlumenstr. 2<br \/>\n77694 Kehl am Rhein<br \/>\nDeutschland \/ Germany<br \/>\nTelefon +49 7851 6188-0<br \/>\nFax +49 7851 6188-299<\/p>\n<p><u><a href=\"http:\/\/www.scanmiles.net\">www.cheaper2you.com<\/a><\/u><\/p>\n<p>Pressekontakt<\/p>\n<p><strong>scanmiles GmbH<\/strong><br \/>\nAndreas H\u00f6fermann<br \/>\nZentrum am Markt<br \/>\nBlumenstr. 2<br \/>\n77694 Kehl am Rhein<br \/>\nDeutschland \/ Germany<br \/>\nTelefon +49 7851 6188-290<br \/>\nFax +49 7851 6188-299<br \/>\ninfo@scanmiles.net<\/p>\n","protected":false},"excerpt":{"rendered":"<p>Alle Daten auf den Servern der scanmiles GmbH sind mit gr\u00f6\u00dfter Sorgfalt gepr\u00fcft. Eine Gew\u00e4hr f\u00fcr Richtigkeit, Vollst\u00e4ndigkeit und Aktualit\u00e4t kann jedoch nicht \u00fcbernommen werden, insbesondere nicht f\u00fcr die unternehmenseigenen Angaben unserer Kunden. Jegliche Haftung, insbesondere f\u00fcr eventuelle Sch\u00e4den oder Konsequenzen, die durch die Nutzung der angebotenen Informationen entstehen, ist ausgeschlossen. Dies gilt ebenfalls f\u00fcr [&hellip;]<\/p>\n","protected":false},"author":1,"featured_media":0,"parent":0,"menu_order":0,"comment_status":"closed","ping_status":"closed","template":"","meta":{"footnotes":""},"class_list":["post-82","page","type-page","status-publish","hentry"],"_links":{"self":[{"href":"https:\/\/cheaper2you.com\/de\/wp-json\/wp\/v2\/pages\/82","targetHints":{"allow":["GET"]}}],"collection":[{"href":"https:\/\/cheaper2you.com\/de\/wp-json\/wp\/v2\/pages"}],"about":[{"href":"https:\/\/cheaper2you.com\/de\/wp-json\/wp\/v2\/types\/page"}],"author":[{"embeddable":true,"href":"https:\/\/cheaper2you.com\/de\/wp-json\/wp\/v2\/users\/1"}],"replies":[{"embeddable":true,"href":"https:\/\/cheaper2you.com\/de\/wp-json\/wp\/v2\/comments?post=82"}],"version-history":[{"count":6,"href":"https:\/\/cheaper2you.com\/de\/wp-json\/wp\/v2\/pages\/82\/revisions"}],"predecessor-version":[{"id":21008,"href":"https:\/\/cheaper2you.com\/de\/wp-json\/wp\/v2\/pages\/82\/revisions\/21008"}],"wp:attachment":[{"href":"https:\/\/cheaper2you.com\/de\/wp-json\/wp\/v2\/media?parent=82"}],"curies":[{"name":"wp","href":"https:\/\/api.w.org\/{rel}","templated":true}]}}