{"id":20952,"date":"2023-03-02T08:10:21","date_gmt":"2023-03-02T08:10:21","guid":{"rendered":"https:\/\/cheaper2you.com\/?page_id=20952"},"modified":"2023-03-02T09:06:24","modified_gmt":"2023-03-02T09:06:24","slug":"pinsami-professional-klassisch-ambient-2-x-230g","status":"publish","type":"page","link":"https:\/\/cheaper2you.com\/de\/pinsami-professional-klassisch-ambient-2-x-230g\/","title":{"rendered":"Pinsami Professional Klassisch Ambient 2 x 230g"},"content":{"rendered":"\n<div class=\"wp-block-columns is-layout-flex wp-container-core-columns-is-layout-28f84493 wp-block-columns-is-layout-flex\">\n<div class=\"wp-block-column is-layout-flow wp-block-column-is-layout-flow\">\n<p><\/p>\n\n\n\n<figure class=\"wp-block-image size-large is-resized\"><img loading=\"lazy\" decoding=\"async\" src=\"https:\/\/cheaper2you.com\/wp-content\/uploads\/2023\/03\/Pinsa_Pro_Dimension-1024x661.jpg\" alt=\"\" class=\"wp-image-20953\" width=\"441\" height=\"284\" srcset=\"https:\/\/cheaper2you.com\/wp-content\/uploads\/2023\/03\/Pinsa_Pro_Dimension-1024x661.jpg 1024w, https:\/\/cheaper2you.com\/wp-content\/uploads\/2023\/03\/Pinsa_Pro_Dimension-300x194.jpg 300w, https:\/\/cheaper2you.com\/wp-content\/uploads\/2023\/03\/Pinsa_Pro_Dimension-150x97.jpg 150w, https:\/\/cheaper2you.com\/wp-content\/uploads\/2023\/03\/Pinsa_Pro_Dimension-768x496.jpg 768w, https:\/\/cheaper2you.com\/wp-content\/uploads\/2023\/03\/Pinsa_Pro_Dimension-324x209.jpg 324w, https:\/\/cheaper2you.com\/wp-content\/uploads\/2023\/03\/Pinsa_Pro_Dimension-416x269.jpg 416w, https:\/\/cheaper2you.com\/wp-content\/uploads\/2023\/03\/Pinsa_Pro_Dimension.jpg 1138w\" sizes=\"auto, (max-width: 441px) 100vw, 441px\" \/><\/figure>\n<\/div>\n\n\n\n<div class=\"wp-block-column is-layout-flow wp-block-column-is-layout-flow\">\n<p style=\"font-size:22px\">Die original vorgebackenen Pinsa Teiglinge von Pinsami zeichnen sich durch eine besonders hochwertige und ausgewogene Rezeptur mit drei verschiedenen Mehlsorten aus: Weichweizenmehl Typ &#8222;0&#8220;, Reis- und Sojamehl. Dank dieser 3 Mehlsorten und dass der Teig 24 Stunden geht, l\u00e4sst sich die Pinsa in nur wenigen Minuten aufbacken und wird wunderbar knusprig und innen luftig leicht. Sie ist deshalb auch bek\u00f6mmlicher als herk\u00f6mmliche Pizza und bietet 1001 pikante wie auch s\u00fc\u00dfe Rezeptm\u00f6glichkeiten. Sie wird in Norditalien hergestellt und handgeformt.<\/p>\n<\/div>\n<\/div>\n\n\n\n<h2 class=\"has-text-align-center wp-block-heading\">VON HAND AUSGEROLLT<\/h2>\n\n\n\n<h4 class=\"has-text-align-center wp-block-heading\"><em>perfekt f\u00fcr Fachleute<\/em><\/h4>\n\n\n\n<p class=\"has-text-align-center\" style=\"font-size:22px\"><mark style=\"background-color:rgba(0, 0, 0, 0);color:#b3936a\" class=\"has-inline-color\"><strong>Pinsami Professional<\/strong><\/mark> wird von <mark style=\"background-color:rgba(0, 0, 0, 0);color:#b3936a\" class=\"has-inline-color\"><strong>Hand ausgerollt<\/strong><\/mark><br>und aus einer hochwertigen<strong> <mark style=\"background-color:rgba(0, 0, 0, 0);color:#b3936a\" class=\"has-inline-color\">Mehlmischung<\/mark> <\/strong>gefertigt.<br>Unser Teig hat eine lange Teigf\u00fchrung,<br>hat also gen\u00fcgend Zeit, um der Pinsa<br><mark style=\"background-color:rgba(0, 0, 0, 0);color:#b3936a\" class=\"has-inline-color\"><strong>Maximale Leichtigkeit und Verdaulichkeit<\/strong><\/mark> zu verleihen.<\/p>\n\n\n\n<p class=\"has-text-align-center\" style=\"font-size:22px\">Um Teigf\u00fchrung im perfekten Moment<br>zu unterbrechen, werden unsere B\u00f6den<br>kurz bei hoher Temperatur gebacken.<\/p>\n\n\n\n<p class=\"has-text-align-center\" style=\"font-size:22px\">So wird aus Pinsami Professional ein vorgebackener Boden,<br>der sich f\u00fcr jeden Ofentyp eignet und <mark style=\"background-color:rgba(0, 0, 0, 0);color:#b3936a\" class=\"has-inline-color\"><strong>in<br>wenigen Minuten fertig<\/strong><\/mark> ist.<\/p>\n\n\n\n<p class=\"has-text-align-center\" style=\"font-size:22px\">Dank der Vielfalt unserer Referenzen und der verschiedenen<br>Lagerungsmethoden (frisch, gefroren und ungek\u00fchlt)<br>k\u00f6nnen wir Ihnen ein <mark style=\"background-color:rgba(0, 0, 0, 0);color:#b3936a\" class=\"has-inline-color\"><strong>handwerkliches Produkt<\/strong>,<br><strong>h\u00f6chster Qualit\u00e4t<\/strong><\/mark> garantieren, das jeder Ihrer Anforderung<br>gerecht wird, <mark style=\"background-color:rgba(0, 0, 0, 0);color:#b3936a\" class=\"has-inline-color\"><strong>ohne Risiko oder Verschwendung<\/strong><\/mark>.<\/p>\n\n\n\n<p><\/p>\n\n\n\n<p><\/p>\n\n\n\n<p><\/p>\n\n\n<div class=\"wp-block-image\">\n<figure class=\"aligncenter size-large\"><img loading=\"lazy\" decoding=\"async\" width=\"1024\" height=\"896\" src=\"https:\/\/cheaper2you.com\/wp-content\/uploads\/2023\/03\/Pinsa_Pro_Descr-1024x896.jpg\" alt=\"\" class=\"wp-image-20957\" srcset=\"https:\/\/cheaper2you.com\/wp-content\/uploads\/2023\/03\/Pinsa_Pro_Descr-1024x896.jpg 1024w, https:\/\/cheaper2you.com\/wp-content\/uploads\/2023\/03\/Pinsa_Pro_Descr-300x263.jpg 300w, https:\/\/cheaper2you.com\/wp-content\/uploads\/2023\/03\/Pinsa_Pro_Descr-150x131.jpg 150w, https:\/\/cheaper2you.com\/wp-content\/uploads\/2023\/03\/Pinsa_Pro_Descr-768x672.jpg 768w, https:\/\/cheaper2you.com\/wp-content\/uploads\/2023\/03\/Pinsa_Pro_Descr-324x284.jpg 324w, https:\/\/cheaper2you.com\/wp-content\/uploads\/2023\/03\/Pinsa_Pro_Descr-416x364.jpg 416w, https:\/\/cheaper2you.com\/wp-content\/uploads\/2023\/03\/Pinsa_Pro_Descr.jpg 1124w\" sizes=\"auto, (max-width: 1024px) 100vw, 1024px\" \/><\/figure>\n<\/div>\n\n\n<div class=\"wp-block-buttons is-content-justification-center is-layout-flex wp-container-core-buttons-is-layout-a89b3969 wp-block-buttons-is-layout-flex\">\n<div class=\"wp-block-button\"><a class=\"wp-block-button__link wp-element-button\" href=\"https:\/\/cheaper2you.com\/de\/my-account\/\">UNSERE PRODUKTE BESTELLEN (B2B)<\/a><\/div>\n<\/div>\n","protected":false},"excerpt":{"rendered":"<p>Die original vorgebackenen Pinsa Teiglinge von Pinsami zeichnen sich durch eine besonders hochwertige und ausgewogene Rezeptur mit drei verschiedenen Mehlsorten aus: Weichweizenmehl Typ &#8222;0&#8220;, Reis- und Sojamehl. Dank dieser 3 Mehlsorten und dass der Teig 24 Stunden geht, l\u00e4sst sich die Pinsa in nur wenigen Minuten aufbacken und wird wunderbar knusprig und innen luftig leicht. [&hellip;]<\/p>\n","protected":false},"author":14,"featured_media":0,"parent":0,"menu_order":0,"comment_status":"closed","ping_status":"closed","template":"","meta":{"footnotes":""},"class_list":["post-20952","page","type-page","status-publish","hentry"],"_links":{"self":[{"href":"https:\/\/cheaper2you.com\/de\/wp-json\/wp\/v2\/pages\/20952","targetHints":{"allow":["GET"]}}],"collection":[{"href":"https:\/\/cheaper2you.com\/de\/wp-json\/wp\/v2\/pages"}],"about":[{"href":"https:\/\/cheaper2you.com\/de\/wp-json\/wp\/v2\/types\/page"}],"author":[{"embeddable":true,"href":"https:\/\/cheaper2you.com\/de\/wp-json\/wp\/v2\/users\/14"}],"replies":[{"embeddable":true,"href":"https:\/\/cheaper2you.com\/de\/wp-json\/wp\/v2\/comments?post=20952"}],"version-history":[{"count":8,"href":"https:\/\/cheaper2you.com\/de\/wp-json\/wp\/v2\/pages\/20952\/revisions"}],"predecessor-version":[{"id":20988,"href":"https:\/\/cheaper2you.com\/de\/wp-json\/wp\/v2\/pages\/20952\/revisions\/20988"}],"wp:attachment":[{"href":"https:\/\/cheaper2you.com\/de\/wp-json\/wp\/v2\/media?parent=20952"}],"curies":[{"name":"wp","href":"https:\/\/api.w.org\/{rel}","templated":true}]}}