{"id":20749,"date":"2023-02-21T09:36:53","date_gmt":"2023-02-21T09:36:53","guid":{"rendered":"https:\/\/cheaper2you.com\/?page_id=20749"},"modified":"2023-02-22T11:17:16","modified_gmt":"2023-02-22T11:17:16","slug":"la-brigade-laitiere","status":"publish","type":"page","link":"https:\/\/cheaper2you.com\/de\/la-brigade-laitiere\/","title":{"rendered":""},"content":{"rendered":"<div class=\"wp-block-image\">\n<figure class=\"aligncenter size-large\"><img loading=\"lazy\" decoding=\"async\" width=\"1024\" height=\"511\" src=\"https:\/\/cheaper2you.com\/wp-content\/uploads\/2023\/02\/La-Brigade-Laitiere-1024x511.jpg\" alt=\"\" class=\"wp-image-20795\" srcset=\"https:\/\/cheaper2you.com\/wp-content\/uploads\/2023\/02\/La-Brigade-Laitiere-1024x511.jpg 1024w, https:\/\/cheaper2you.com\/wp-content\/uploads\/2023\/02\/La-Brigade-Laitiere-300x150.jpg 300w, https:\/\/cheaper2you.com\/wp-content\/uploads\/2023\/02\/La-Brigade-Laitiere-150x75.jpg 150w, https:\/\/cheaper2you.com\/wp-content\/uploads\/2023\/02\/La-Brigade-Laitiere-768x384.jpg 768w, https:\/\/cheaper2you.com\/wp-content\/uploads\/2023\/02\/La-Brigade-Laitiere-1536x767.jpg 1536w, https:\/\/cheaper2you.com\/wp-content\/uploads\/2023\/02\/La-Brigade-Laitiere-324x162.jpg 324w, https:\/\/cheaper2you.com\/wp-content\/uploads\/2023\/02\/La-Brigade-Laitiere-416x208.jpg 416w, https:\/\/cheaper2you.com\/wp-content\/uploads\/2023\/02\/La-Brigade-Laitiere.jpg 1884w\" sizes=\"auto, (max-width: 1024px) 100vw, 1024px\" \/><\/figure>\n<\/div>\n\n<div class=\"wp-block-image\">\n<figure class=\"aligncenter size-large\"><img loading=\"lazy\" decoding=\"async\" width=\"1024\" height=\"523\" src=\"https:\/\/cheaper2you.com\/wp-content\/uploads\/2023\/02\/Brigade-top-1024x523.jpg\" alt=\"\" class=\"wp-image-20750\" srcset=\"https:\/\/cheaper2you.com\/wp-content\/uploads\/2023\/02\/Brigade-top-1024x523.jpg 1024w, https:\/\/cheaper2you.com\/wp-content\/uploads\/2023\/02\/Brigade-top-300x153.jpg 300w, https:\/\/cheaper2you.com\/wp-content\/uploads\/2023\/02\/Brigade-top-150x77.jpg 150w, https:\/\/cheaper2you.com\/wp-content\/uploads\/2023\/02\/Brigade-top-768x392.jpg 768w, https:\/\/cheaper2you.com\/wp-content\/uploads\/2023\/02\/Brigade-top-1536x784.jpg 1536w, https:\/\/cheaper2you.com\/wp-content\/uploads\/2023\/02\/Brigade-top-324x165.jpg 324w, https:\/\/cheaper2you.com\/wp-content\/uploads\/2023\/02\/Brigade-top-416x212.jpg 416w, https:\/\/cheaper2you.com\/wp-content\/uploads\/2023\/02\/Brigade-top.jpg 1577w\" sizes=\"auto, (max-width: 1024px) 100vw, 1024px\" \/><\/figure>\n<\/div>\n\n\n<h2 class=\"has-text-align-center wp-block-heading\">ALSACE LAIT ist die einzige unabh\u00e4ngige Molkereigenossenschaft im Osten Frankreichs<\/h2>\n\n\n\n<p class=\"has-text-align-center\" style=\"font-size:20px\">Es liegt uns am Herzen, unsere Autonomie zu bewahren, um die Landwirtschaft in unserer Region zu erhalten und zu f\u00f6rdern.<br>Unsere Spezialit\u00e4ten sind traditionelle Quarkspeisen und Sahne aus der Region\u2026<\/p>\n\n\n\n<h3 class=\"wp-block-heading\" id=\"product_20876\">DIE \u00ab CR\u00c8ME ANGLAISE \u00bb VANILLE-AROMA<\/h3>\n\n\n\n<div class=\"wp-block-columns is-layout-flex wp-container-core-columns-is-layout-28f84493 wp-block-columns-is-layout-flex\">\n<div class=\"wp-block-column is-layout-flow wp-block-column-is-layout-flow\" style=\"font-size:20px\">\n<p><\/p>\n\n\n\n<p>Wir haben ein Rezept mit Vanillenoten entwickelt, das aus Eiern aus Freilandhaltung hergestellt wird. <\/p>\n\n\n\n<p>Abgesehen von den organoleptischen Aspekten haben wir verantwortungsbewusste und praktische Zutaten und Verpackungen ausgew\u00e4hlt:<br>\u2022 Eier aus Freilandhaltung<br>\u2022 Sahne und Milch aus Frankreich<br>\u2022 Eine recycelbare Packung aus FSC Karton* mit Verschluss, die leicht zu dosieren ist und nicht tropft.<\/p>\n\n\n\n<p class=\"has-small-font-size\">*Umweltsiegel, das die nachhaltige Bewirtschaftung von W\u00e4ldern garantiert<\/p>\n<\/div>\n\n\n\n<div class=\"wp-block-column is-layout-flow wp-block-column-is-layout-flow\">\n<figure class=\"wp-block-image size-full\"><img loading=\"lazy\" decoding=\"async\" width=\"903\" height=\"905\" src=\"https:\/\/cheaper2you.com\/wp-content\/uploads\/2023\/02\/La-Brigade-Creme-Anglaise.jpg\" alt=\"\" class=\"wp-image-20759\" srcset=\"https:\/\/cheaper2you.com\/wp-content\/uploads\/2023\/02\/La-Brigade-Creme-Anglaise.jpg 903w, https:\/\/cheaper2you.com\/wp-content\/uploads\/2023\/02\/La-Brigade-Creme-Anglaise-300x300.jpg 300w, https:\/\/cheaper2you.com\/wp-content\/uploads\/2023\/02\/La-Brigade-Creme-Anglaise-150x150.jpg 150w, https:\/\/cheaper2you.com\/wp-content\/uploads\/2023\/02\/La-Brigade-Creme-Anglaise-768x770.jpg 768w, https:\/\/cheaper2you.com\/wp-content\/uploads\/2023\/02\/La-Brigade-Creme-Anglaise-324x325.jpg 324w, https:\/\/cheaper2you.com\/wp-content\/uploads\/2023\/02\/La-Brigade-Creme-Anglaise-416x417.jpg 416w, https:\/\/cheaper2you.com\/wp-content\/uploads\/2023\/02\/La-Brigade-Creme-Anglaise-100x100.jpg 100w\" sizes=\"auto, (max-width: 903px) 100vw, 903px\" \/><\/figure>\n<\/div>\n<\/div>\n\n\n\n<h3 class=\"wp-block-heading\" id=\"product_20886\">DIE CR\u00c8ME BR\u00dbL\u00c9E MIT VANILLEK\u00d6RNERN AUS MADAGASKAR<\/h3>\n\n\n\n<div class=\"wp-block-columns is-layout-flex wp-container-core-columns-is-layout-28f84493 wp-block-columns-is-layout-flex\">\n<div class=\"wp-block-column is-layout-flow wp-block-column-is-layout-flow\">\n<figure class=\"wp-block-image size-full\"><img loading=\"lazy\" decoding=\"async\" width=\"882\" height=\"762\" src=\"https:\/\/cheaper2you.com\/wp-content\/uploads\/2023\/02\/La-Brigade-Creme-Brulee.jpg\" alt=\"\" class=\"wp-image-20768\" srcset=\"https:\/\/cheaper2you.com\/wp-content\/uploads\/2023\/02\/La-Brigade-Creme-Brulee.jpg 882w, https:\/\/cheaper2you.com\/wp-content\/uploads\/2023\/02\/La-Brigade-Creme-Brulee-300x259.jpg 300w, https:\/\/cheaper2you.com\/wp-content\/uploads\/2023\/02\/La-Brigade-Creme-Brulee-150x130.jpg 150w, https:\/\/cheaper2you.com\/wp-content\/uploads\/2023\/02\/La-Brigade-Creme-Brulee-768x664.jpg 768w, https:\/\/cheaper2you.com\/wp-content\/uploads\/2023\/02\/La-Brigade-Creme-Brulee-324x280.jpg 324w, https:\/\/cheaper2you.com\/wp-content\/uploads\/2023\/02\/La-Brigade-Creme-Brulee-416x359.jpg 416w\" sizes=\"auto, (max-width: 882px) 100vw, 882px\" \/><\/figure>\n<\/div>\n\n\n\n<div class=\"wp-block-column is-layout-flow wp-block-column-is-layout-flow\">\n<p><\/p>\n\n\n\n<p style=\"font-size:20px\">Ein Rezept, um die Erwartungen von K\u00f6chen und G\u00e4sten zu erf\u00fcllen:<br>\u2022 Ein Vanilleprofil , das von den Marktteilnehmern besser wahrgenommen<br>wird.<br>\u2022 Eine gleichzeitig cremige und feste Creme<br>\u2022 Eine gute Best\u00e4ndigkeit bei der Karamellisierung<br>\u2022 Ohne Xanthan<\/p>\n<\/div>\n<\/div>\n\n\n\n<h3 class=\"wp-block-heading\" id=\"product_20891\">DIE TIRAMISU ZUBEREITUNG<\/h3>\n\n\n\n<div class=\"wp-block-columns is-layout-flex wp-container-core-columns-is-layout-28f84493 wp-block-columns-is-layout-flex\">\n<div class=\"wp-block-column is-layout-flow wp-block-column-is-layout-flow\">\n<p><\/p>\n\n\n\n<p style=\"font-size:20px\">Eine formbare Basis, die in Gl\u00e4sern oder als Veredlung von Torten verwendet werden kann\u2026 <\/p>\n\n\n\n<p style=\"font-size:20px\">und in Verbindung mit anderen<br>Zutaten: S\u00e4ure, Alkohol, Aromen\u2026<\/p>\n\n\n\n<p style=\"font-size:22px\"><strong><mark style=\"background-color:rgba(0, 0, 0, 0)\" class=\"has-inline-color has-luminous-vivid-orange-color\">1Liter = 10 Portionen<\/mark><\/strong><\/p>\n\n\n\n<p style=\"font-size:20px\">Das Holz, das f\u00fcr die Herstellung unserer<br>Kartons verwendet wird, stammt  ausschlie\u00dflich aus nachhaltig bewirtschafteten W\u00e4ldern .<br>Das FSC Siegel garantiert eine nachhaltige Bewirtschaftung.<\/p>\n<\/div>\n\n\n\n<div class=\"wp-block-column is-layout-flow wp-block-column-is-layout-flow\">\n<figure class=\"wp-block-image size-large is-resized\"><img loading=\"lazy\" decoding=\"async\" src=\"https:\/\/cheaper2you.com\/wp-content\/uploads\/2023\/02\/La-Brigade-Tiramisu-1-981x1024.jpg\" alt=\"\" class=\"wp-image-20782\" width=\"480\" height=\"501\" srcset=\"https:\/\/cheaper2you.com\/wp-content\/uploads\/2023\/02\/La-Brigade-Tiramisu-1-981x1024.jpg 981w, https:\/\/cheaper2you.com\/wp-content\/uploads\/2023\/02\/La-Brigade-Tiramisu-1-287x300.jpg 287w, https:\/\/cheaper2you.com\/wp-content\/uploads\/2023\/02\/La-Brigade-Tiramisu-1-144x150.jpg 144w, https:\/\/cheaper2you.com\/wp-content\/uploads\/2023\/02\/La-Brigade-Tiramisu-1-768x801.jpg 768w, https:\/\/cheaper2you.com\/wp-content\/uploads\/2023\/02\/La-Brigade-Tiramisu-1-324x338.jpg 324w, https:\/\/cheaper2you.com\/wp-content\/uploads\/2023\/02\/La-Brigade-Tiramisu-1-416x434.jpg 416w, https:\/\/cheaper2you.com\/wp-content\/uploads\/2023\/02\/La-Brigade-Tiramisu-1.jpg 1034w\" sizes=\"auto, (max-width: 480px) 100vw, 480px\" \/><\/figure>\n<\/div>\n<\/div>\n\n\n\n<h3 class=\"wp-block-heading\" id=\"product_20896\">DIE PANNA COTTA ZUBEREITUNG<\/h3>\n\n\n\n<div class=\"wp-block-columns is-layout-flex wp-container-core-columns-is-layout-28f84493 wp-block-columns-is-layout-flex\">\n<div class=\"wp-block-column is-layout-flow wp-block-column-is-layout-flow\">\n<figure class=\"wp-block-image size-large is-resized\"><img loading=\"lazy\" decoding=\"async\" src=\"https:\/\/cheaper2you.com\/wp-content\/uploads\/2023\/02\/La-Brigade-Panna-Cotta-845x1024.jpg\" alt=\"\" class=\"wp-image-20789\" width=\"433\" height=\"524\" srcset=\"https:\/\/cheaper2you.com\/wp-content\/uploads\/2023\/02\/La-Brigade-Panna-Cotta-845x1024.jpg 845w, https:\/\/cheaper2you.com\/wp-content\/uploads\/2023\/02\/La-Brigade-Panna-Cotta-248x300.jpg 248w, https:\/\/cheaper2you.com\/wp-content\/uploads\/2023\/02\/La-Brigade-Panna-Cotta-124x150.jpg 124w, https:\/\/cheaper2you.com\/wp-content\/uploads\/2023\/02\/La-Brigade-Panna-Cotta-768x931.jpg 768w, https:\/\/cheaper2you.com\/wp-content\/uploads\/2023\/02\/La-Brigade-Panna-Cotta-324x393.jpg 324w, https:\/\/cheaper2you.com\/wp-content\/uploads\/2023\/02\/La-Brigade-Panna-Cotta-416x504.jpg 416w, https:\/\/cheaper2you.com\/wp-content\/uploads\/2023\/02\/La-Brigade-Panna-Cotta.jpg 891w\" sizes=\"auto, (max-width: 433px) 100vw, 433px\" \/><\/figure>\n<\/div>\n\n\n\n<div class=\"wp-block-column is-layout-flow wp-block-column-is-layout-flow\">\n<p><\/p>\n\n\n\n<p style=\"font-size:20px\">Eine formbare Basis, die in Gl\u00e4sern oder als Ger\u00e4t auf Torten verwendet werden kann\u2026<\/p>\n\n\n\n<p style=\"font-size:20px\">und in Verbindung mit anderen Zutaten:<br>S\u00e4ure, Alkohol, Aromen\u2026<br>Ohne Palm\u00f6l!<\/p>\n\n\n\n<p style=\"font-size:22px\"><strong><mark style=\"background-color:rgba(0, 0, 0, 0)\" class=\"has-inline-color has-vivid-cyan-blue-color\">1 Liter = 10 Portionen (100g)<\/mark><\/strong><\/p>\n\n\n\n<p style=\"font-size:20px\">Das Holz, das f\u00fcr die Herstellung unserer Kartons verwendet wird, stammt ausschlie\u00dflich aus nachhaltig bewirtschafteten W\u00e4ldern.<br>Das FSC Siegel garantiert eine nachhaltige<br>Bewirtschaftung.<\/p>\n<\/div>\n<\/div>\n\n\n\n<p><\/p>\n\n\n\n<div class=\"wp-block-buttons is-content-justification-center is-layout-flex wp-container-core-buttons-is-layout-a89b3969 wp-block-buttons-is-layout-flex\">\n<div class=\"wp-block-button\"><a class=\"wp-block-button__link wp-element-button\" href=\"https:\/\/cheaper2you.com\/de\/my-account\/\">UNSERE PRODUKTE BESTELLEN (B2B)<\/a><\/div>\n<\/div>\n","protected":false},"excerpt":{"rendered":"<p>ALSACE LAIT ist die einzige unabh\u00e4ngige Molkereigenossenschaft im Osten Frankreichs Es liegt uns am Herzen, unsere Autonomie zu bewahren, um die Landwirtschaft in unserer Region zu erhalten und zu f\u00f6rdern.Unsere Spezialit\u00e4ten sind traditionelle Quarkspeisen und Sahne aus der Region\u2026 DIE \u00ab CR\u00c8ME ANGLAISE \u00bb VANILLE-AROMA Wir haben ein Rezept mit Vanillenoten entwickelt, das aus Eiern [&hellip;]<\/p>\n","protected":false},"author":14,"featured_media":0,"parent":0,"menu_order":0,"comment_status":"closed","ping_status":"closed","template":"","meta":{"footnotes":""},"class_list":["post-20749","page","type-page","status-publish","hentry"],"_links":{"self":[{"href":"https:\/\/cheaper2you.com\/de\/wp-json\/wp\/v2\/pages\/20749","targetHints":{"allow":["GET"]}}],"collection":[{"href":"https:\/\/cheaper2you.com\/de\/wp-json\/wp\/v2\/pages"}],"about":[{"href":"https:\/\/cheaper2you.com\/de\/wp-json\/wp\/v2\/types\/page"}],"author":[{"embeddable":true,"href":"https:\/\/cheaper2you.com\/de\/wp-json\/wp\/v2\/users\/14"}],"replies":[{"embeddable":true,"href":"https:\/\/cheaper2you.com\/de\/wp-json\/wp\/v2\/comments?post=20749"}],"version-history":[{"count":20,"href":"https:\/\/cheaper2you.com\/de\/wp-json\/wp\/v2\/pages\/20749\/revisions"}],"predecessor-version":[{"id":20986,"href":"https:\/\/cheaper2you.com\/de\/wp-json\/wp\/v2\/pages\/20749\/revisions\/20986"}],"wp:attachment":[{"href":"https:\/\/cheaper2you.com\/de\/wp-json\/wp\/v2\/media?parent=20749"}],"curies":[{"name":"wp","href":"https:\/\/api.w.org\/{rel}","templated":true}]}}