{"id":20671,"date":"2023-02-21T06:54:30","date_gmt":"2023-02-21T06:54:30","guid":{"rendered":"https:\/\/cheaper2you.com\/?page_id=20671"},"modified":"2023-03-02T07:56:13","modified_gmt":"2023-03-02T07:56:13","slug":"pinsami-la-pinsa-klassich-ambient-230g","status":"publish","type":"page","link":"https:\/\/cheaper2you.com\/de\/pinsami-la-pinsa-klassich-ambient-230g\/","title":{"rendered":"Pinsami La Pinsa klassich ambient 230g"},"content":{"rendered":"\n<div class=\"wp-block-columns is-layout-flex wp-container-core-columns-is-layout-28f84493 wp-block-columns-is-layout-flex\">\n<div class=\"wp-block-column is-layout-flow wp-block-column-is-layout-flow\">\n<figure class=\"wp-block-image size-full is-resized\"><img loading=\"lazy\" decoding=\"async\" src=\"https:\/\/cheaper2you.com\/wp-content\/uploads\/2023\/02\/Pinsami-2.jpg\" alt=\"\" class=\"wp-image-20672\" width=\"436\" height=\"339\" srcset=\"https:\/\/cheaper2you.com\/wp-content\/uploads\/2023\/02\/Pinsami-2.jpg 812w, https:\/\/cheaper2you.com\/wp-content\/uploads\/2023\/02\/Pinsami-2-300x234.jpg 300w, https:\/\/cheaper2you.com\/wp-content\/uploads\/2023\/02\/Pinsami-2-150x117.jpg 150w, https:\/\/cheaper2you.com\/wp-content\/uploads\/2023\/02\/Pinsami-2-768x599.jpg 768w, https:\/\/cheaper2you.com\/wp-content\/uploads\/2023\/02\/Pinsami-2-324x253.jpg 324w, https:\/\/cheaper2you.com\/wp-content\/uploads\/2023\/02\/Pinsami-2-416x324.jpg 416w\" sizes=\"auto, (max-width: 436px) 100vw, 436px\" \/><\/figure>\n<\/div>\n\n\n\n<div class=\"wp-block-column is-layout-flow wp-block-column-is-layout-flow\">\n<p class=\"has-text-align-left\" style=\"font-size:20px\">Die original vorgebackenen Pinsa Teiglinge von Pinsami zeichnen sich durch eine besonders hochwertige und ausgewogene Rezeptur mit drei verschiedenen Mehlsorten aus:<br>Weichweizenmehl Typ \u201e0\u201c, Reis- und Sojamehl. Dank dieser 3 Mehlsorten und dass der Teig 24 Stunden geht, l\u00e4sst sich die Pinsa in nur 5 Minuten aufbacken und wird wunderbar knusprig und innen luftig leicht. Sie ist deshalb auch bek\u00f6mmlicher als herk\u00f6mmliche Pizza und bietet 1001 pikante wie auch s\u00fc\u00dfe Rezeptm\u00f6glichkeiten. Sie wird in Norditalien hergestellt und handgeformt.<\/p>\n<\/div>\n<\/div>\n\n\n\n<h3 class=\"wp-block-heading\">NEUES FLEXIBLE DISPLAY-SYSTEM: SEHR LEICHT &amp; SCHNELL AUFZUBAUEN<\/h3>\n\n\n<div class=\"wp-block-image\">\n<figure class=\"aligncenter size-large\"><img loading=\"lazy\" decoding=\"async\" width=\"1024\" height=\"343\" src=\"https:\/\/cheaper2you.com\/wp-content\/uploads\/2023\/02\/Pinsami-karton-1-1024x343.jpg\" alt=\"\" class=\"wp-image-20723\" srcset=\"https:\/\/cheaper2you.com\/wp-content\/uploads\/2023\/02\/Pinsami-karton-1-1024x343.jpg 1024w, https:\/\/cheaper2you.com\/wp-content\/uploads\/2023\/02\/Pinsami-karton-1-300x100.jpg 300w, https:\/\/cheaper2you.com\/wp-content\/uploads\/2023\/02\/Pinsami-karton-1-150x50.jpg 150w, https:\/\/cheaper2you.com\/wp-content\/uploads\/2023\/02\/Pinsami-karton-1-768x257.jpg 768w, https:\/\/cheaper2you.com\/wp-content\/uploads\/2023\/02\/Pinsami-karton-1-324x108.jpg 324w, https:\/\/cheaper2you.com\/wp-content\/uploads\/2023\/02\/Pinsami-karton-1-416x139.jpg 416w, https:\/\/cheaper2you.com\/wp-content\/uploads\/2023\/02\/Pinsami-karton-1.jpg 1231w\" sizes=\"auto, (max-width: 1024px) 100vw, 1024px\" \/><\/figure>\n<\/div>\n\n<div class=\"wp-block-image\">\n<figure class=\"aligncenter size-full is-resized\"><a href=\"https:\/\/qrco.de\/bdRwxh\"><img loading=\"lazy\" decoding=\"async\" src=\"https:\/\/cheaper2you.com\/wp-content\/uploads\/2023\/02\/Pinsami-Qrcode-Montage.jpg\" alt=\"\" class=\"wp-image-20727\" width=\"158\" height=\"161\" srcset=\"https:\/\/cheaper2you.com\/wp-content\/uploads\/2023\/02\/Pinsami-Qrcode-Montage.jpg 316w, https:\/\/cheaper2you.com\/wp-content\/uploads\/2023\/02\/Pinsami-Qrcode-Montage-294x300.jpg 294w, https:\/\/cheaper2you.com\/wp-content\/uploads\/2023\/02\/Pinsami-Qrcode-Montage-147x150.jpg 147w\" sizes=\"auto, (max-width: 158px) 100vw, 158px\" \/><\/a><figcaption class=\"wp-element-caption\">QR CODE f\u00fcr eine YouTube Aufbau Anleitung!<\/figcaption><\/figure>\n<\/div>\n\n<div class=\"wp-block-image\">\n<figure class=\"aligncenter size-large\"><img loading=\"lazy\" decoding=\"async\" width=\"1024\" height=\"721\" src=\"https:\/\/cheaper2you.com\/wp-content\/uploads\/2023\/02\/Pinsami-Presentation-1024x721.jpg\" alt=\"\" class=\"wp-image-20732\" srcset=\"https:\/\/cheaper2you.com\/wp-content\/uploads\/2023\/02\/Pinsami-Presentation-1024x721.jpg 1024w, https:\/\/cheaper2you.com\/wp-content\/uploads\/2023\/02\/Pinsami-Presentation-300x211.jpg 300w, https:\/\/cheaper2you.com\/wp-content\/uploads\/2023\/02\/Pinsami-Presentation-150x106.jpg 150w, https:\/\/cheaper2you.com\/wp-content\/uploads\/2023\/02\/Pinsami-Presentation-768x541.jpg 768w, https:\/\/cheaper2you.com\/wp-content\/uploads\/2023\/02\/Pinsami-Presentation-324x228.jpg 324w, https:\/\/cheaper2you.com\/wp-content\/uploads\/2023\/02\/Pinsami-Presentation-416x293.jpg 416w, https:\/\/cheaper2you.com\/wp-content\/uploads\/2023\/02\/Pinsami-Presentation.jpg 1294w\" sizes=\"auto, (max-width: 1024px) 100vw, 1024px\" \/><\/figure>\n<\/div>\n\n\n<ul class=\"wp-block-list\" style=\"font-size:20px\">\n<li>Mit 3 Mehlsorten (Weizen, Soja und Reismehl) und Sauerteig<\/li>\n\n\n\n<li>24 Stunden Teigf\u00fchrung<\/li>\n\n\n\n<li>von Hand geformt &amp; gezogen<\/li>\n\n\n\n<li>Innen luftig &amp; au\u00dfen sehr knusprig<\/li>\n\n\n\n<li>Leichter verdaulich als Pizza<\/li>\n\n\n\n<li>Vorgebacken: deshalb in nur 5 Minuten aufgebacken<\/li>\n\n\n\n<li>Im Umluftofen, auf dem Grill Gitter, mit wenig Sauce bei 250 C!<\/li>\n\n\n\n<li>1001 salzige und s\u00fc\u00dfe Rezepte f\u00fcr die ganze Familie<\/li>\n<\/ul>\n\n\n\n<p style=\"font-size:20px\">Viele Rezepte und Tipps auf: <a rel=\"noreferrer noopener\" href=\"https:\/\/www.pinsami.it\/de\/\" target=\"_blank\">https:\/\/www.pinsami.it\/de\/<\/a><\/p>\n\n\n\n<div class=\"wp-block-group\"><div class=\"wp-block-group__inner-container is-layout-constrained wp-block-group-is-layout-constrained\">\n<div class=\"wp-block-group\"><div class=\"wp-block-group__inner-container is-layout-constrained wp-block-group-is-layout-constrained\"><\/div><\/div>\n<\/div><\/div>\n\n\n\n<p><\/p>\n\n\n\n<div class=\"wp-block-buttons is-content-justification-center is-layout-flex wp-container-core-buttons-is-layout-a89b3969 wp-block-buttons-is-layout-flex\">\n<div class=\"wp-block-button\"><a class=\"wp-block-button__link wp-element-button\" href=\"https:\/\/cheaper2you.com\/de\/my-account\/\">UNSERE PRODUKTE BESTELLEN (B2B)<\/a><\/div>\n<\/div>\n","protected":false},"excerpt":{"rendered":"<p>Die original vorgebackenen Pinsa Teiglinge von Pinsami zeichnen sich durch eine besonders hochwertige und ausgewogene Rezeptur mit drei verschiedenen Mehlsorten aus:Weichweizenmehl Typ \u201e0\u201c, Reis- und Sojamehl. Dank dieser 3 Mehlsorten und dass der Teig 24 Stunden geht, l\u00e4sst sich die Pinsa in nur 5 Minuten aufbacken und wird wunderbar knusprig und innen luftig leicht. Sie [&hellip;]<\/p>\n","protected":false},"author":14,"featured_media":0,"parent":0,"menu_order":0,"comment_status":"closed","ping_status":"closed","template":"","meta":{"footnotes":""},"class_list":["post-20671","page","type-page","status-publish","hentry"],"_links":{"self":[{"href":"https:\/\/cheaper2you.com\/de\/wp-json\/wp\/v2\/pages\/20671","targetHints":{"allow":["GET"]}}],"collection":[{"href":"https:\/\/cheaper2you.com\/de\/wp-json\/wp\/v2\/pages"}],"about":[{"href":"https:\/\/cheaper2you.com\/de\/wp-json\/wp\/v2\/types\/page"}],"author":[{"embeddable":true,"href":"https:\/\/cheaper2you.com\/de\/wp-json\/wp\/v2\/users\/14"}],"replies":[{"embeddable":true,"href":"https:\/\/cheaper2you.com\/de\/wp-json\/wp\/v2\/comments?post=20671"}],"version-history":[{"count":31,"href":"https:\/\/cheaper2you.com\/de\/wp-json\/wp\/v2\/pages\/20671\/revisions"}],"predecessor-version":[{"id":20951,"href":"https:\/\/cheaper2you.com\/de\/wp-json\/wp\/v2\/pages\/20671\/revisions\/20951"}],"wp:attachment":[{"href":"https:\/\/cheaper2you.com\/de\/wp-json\/wp\/v2\/media?parent=20671"}],"curies":[{"name":"wp","href":"https:\/\/api.w.org\/{rel}","templated":true}]}}