{"id":2,"date":"2017-05-18T13:00:21","date_gmt":"2017-05-18T13:00:21","guid":{"rendered":"http:\/\/cheaper2you.apps-1and1.net\/?page_id=2"},"modified":"2023-03-03T07:23:31","modified_gmt":"2023-03-03T07:23:31","slug":"sample-page","status":"publish","type":"page","link":"https:\/\/cheaper2you.com\/de\/","title":{"rendered":"Home"},"content":{"rendered":"\n<figure class=\"wp-block-gallery aligncenter has-nested-images columns-default is-cropped wp-block-gallery-1 is-layout-flex wp-block-gallery-is-layout-flex\">\n<figure class=\"wp-block-image size-large\"><a href=\"https:\/\/cheaper2you.com\/de\/la-brigade-laitiere\/\"><img loading=\"lazy\" decoding=\"async\" width=\"1024\" height=\"564\" data-id=\"20831\" src=\"https:\/\/cheaper2you.com\/wp-content\/uploads\/2023\/02\/La-Brigade-Laitiere-Home-2-1024x564.jpg\" alt=\"\" class=\"wp-image-20831\" srcset=\"https:\/\/cheaper2you.com\/wp-content\/uploads\/2023\/02\/La-Brigade-Laitiere-Home-2-1024x564.jpg 1024w, https:\/\/cheaper2you.com\/wp-content\/uploads\/2023\/02\/La-Brigade-Laitiere-Home-2-300x165.jpg 300w, https:\/\/cheaper2you.com\/wp-content\/uploads\/2023\/02\/La-Brigade-Laitiere-Home-2-150x83.jpg 150w, https:\/\/cheaper2you.com\/wp-content\/uploads\/2023\/02\/La-Brigade-Laitiere-Home-2-768x423.jpg 768w, https:\/\/cheaper2you.com\/wp-content\/uploads\/2023\/02\/La-Brigade-Laitiere-Home-2-324x178.jpg 324w, https:\/\/cheaper2you.com\/wp-content\/uploads\/2023\/02\/La-Brigade-Laitiere-Home-2-416x229.jpg 416w, https:\/\/cheaper2you.com\/wp-content\/uploads\/2023\/02\/La-Brigade-Laitiere-Home-2.jpg 1153w\" sizes=\"auto, (max-width: 1024px) 100vw, 1024px\" \/><\/a><figcaption class=\"wp-element-caption\">La Brigade Laiti\u00e8re<\/figcaption><\/figure>\n\n\n\n<figure class=\"wp-block-image size-large\"><a href=\"https:\/\/cheaper2you.com\/de\/pinsami-la-pinsa-klassich-ambient-230g\/\"><img loading=\"lazy\" decoding=\"async\" width=\"812\" height=\"633\" data-id=\"20835\" src=\"https:\/\/cheaper2you.com\/wp-content\/uploads\/2023\/02\/Pinsami-5.jpg\" alt=\"\" class=\"wp-image-20835\" srcset=\"https:\/\/cheaper2you.com\/wp-content\/uploads\/2023\/02\/Pinsami-5.jpg 812w, https:\/\/cheaper2you.com\/wp-content\/uploads\/2023\/02\/Pinsami-5-300x234.jpg 300w, https:\/\/cheaper2you.com\/wp-content\/uploads\/2023\/02\/Pinsami-5-150x117.jpg 150w, https:\/\/cheaper2you.com\/wp-content\/uploads\/2023\/02\/Pinsami-5-768x599.jpg 768w, https:\/\/cheaper2you.com\/wp-content\/uploads\/2023\/02\/Pinsami-5-324x253.jpg 324w, https:\/\/cheaper2you.com\/wp-content\/uploads\/2023\/02\/Pinsami-5-416x324.jpg 416w\" sizes=\"auto, (max-width: 812px) 100vw, 812px\" \/><\/a><figcaption class=\"wp-element-caption\">Pinsami La Pinsa klassich ambient 230g<\/figcaption><\/figure>\n<\/figure>\n\n\n<div class=\"row\">\n<div class=\"col col-sm-12\">\n<div class=\"index-big wow fadeInLeft\" data-wow-delay=\"300ms\" data-wow-duration=\"900ms\">\n<div class=\"txt textstyles text-word-wrap\" style=\"text-align: justify; display: none;\">\n<p>cheaper2you ist ein internationales online Factory Outlet, \u00fcber das Hersteller direkt ihre Lebensmittel, Wasch-, Putz- und Reinigungsmittel- sowie Non-Food&nbsp;Artikel ab Werk anbieten. Gro\u00dfabnehmer wie Hotels, Restaurants, Caterer&nbsp;und Einzelh\u00e4ndler k\u00f6nnen so direkt vom Hersteller ohne Zwischenh\u00e4ndler ihre Waren kartonweise beziehen. Alle unsere&nbsp;Aktivit\u00e4ten&nbsp;sind dem Ziel untergeordnet, die gleichen Produkte&nbsp;billiger anbieten zu k\u00f6nnen als jeder andere.&nbsp;Wir erreichen unseren Preisvorsprung durch Kostenvorsprung und die Vermeidung jedes Zwischenhandels.<\/p>\n<\/div>\n<\/div>\n<\/div>\n<\/div>\n<div class=\"row section-recent-products\">\n<div class=\"col col-sm-12\">\n<h2>Aktuelle Produkte &#8211; La Brigade Laiti\u00e8re<\/h2>\n<\/div>\n<\/div>\n\n<div class=\"woocommerce columns-4 \"><ul class=\"products columns-4\">\n<li class=\"product type-product post-20886 status-publish first instock product_cat-unkategorisiert has-post-thumbnail taxable shipping-taxable product-type-external\">\n\t<a href=\"https:\/\/cheaper2you.com\/de\/la-brigade-laitiere\/#product_20886\" class=\"woocommerce-LoopProduct-link\"><div class=\"imagewrapper\"><img loading=\"lazy\" decoding=\"async\" width=\"300\" height=\"635\" src=\"https:\/\/cheaper2you.com\/wp-content\/uploads\/2023\/02\/La-Brigade-Laitiere-Creme-Brulee.jpg\" class=\"attachment-shop_catalog size-shop_catalog wp-post-image\" alt=\"\" srcset=\"https:\/\/cheaper2you.com\/wp-content\/uploads\/2023\/02\/La-Brigade-Laitiere-Creme-Brulee.jpg 300w, https:\/\/cheaper2you.com\/wp-content\/uploads\/2023\/02\/La-Brigade-Laitiere-Creme-Brulee-142x300.jpg 142w, https:\/\/cheaper2you.com\/wp-content\/uploads\/2023\/02\/La-Brigade-Laitiere-Creme-Brulee-71x150.jpg 71w\" sizes=\"auto, (max-width: 300px) 100vw, 300px\" \/><\/div><a href=\"https:\/\/cheaper2you.com\/de\/la-brigade-laitiere\/#product_20886\" class=\"button addtocartbutton\">Details<\/a><\/li>\n<li class=\"product type-product post-20891 status-publish instock product_cat-unkategorisiert has-post-thumbnail taxable shipping-taxable product-type-external\">\n\t<a href=\"https:\/\/cheaper2you.com\/de\/la-brigade-laitiere\/#product_20891\" class=\"woocommerce-LoopProduct-link\"><div class=\"imagewrapper\"><img loading=\"lazy\" decoding=\"async\" width=\"300\" height=\"635\" src=\"https:\/\/cheaper2you.com\/wp-content\/uploads\/2023\/02\/La-Brigade-Laitiere-Tiramisu.jpg\" class=\"attachment-shop_catalog size-shop_catalog wp-post-image\" alt=\"\" srcset=\"https:\/\/cheaper2you.com\/wp-content\/uploads\/2023\/02\/La-Brigade-Laitiere-Tiramisu.jpg 300w, https:\/\/cheaper2you.com\/wp-content\/uploads\/2023\/02\/La-Brigade-Laitiere-Tiramisu-142x300.jpg 142w, https:\/\/cheaper2you.com\/wp-content\/uploads\/2023\/02\/La-Brigade-Laitiere-Tiramisu-71x150.jpg 71w\" sizes=\"auto, (max-width: 300px) 100vw, 300px\" \/><\/div><a href=\"https:\/\/cheaper2you.com\/de\/la-brigade-laitiere\/#product_20891\" class=\"button addtocartbutton\">Details<\/a><\/li>\n<li class=\"product type-product post-20896 status-publish instock product_cat-unkategorisiert has-post-thumbnail taxable shipping-taxable product-type-external\">\n\t<a href=\"https:\/\/cheaper2you.com\/de\/la-brigade-laitiere\/#product_20896\" class=\"woocommerce-LoopProduct-link\"><div class=\"imagewrapper\"><img loading=\"lazy\" decoding=\"async\" width=\"300\" height=\"635\" src=\"https:\/\/cheaper2you.com\/wp-content\/uploads\/2023\/02\/La-Brigade-Laitiere-Panna-Cotta.jpg\" class=\"attachment-shop_catalog size-shop_catalog wp-post-image\" alt=\"\" srcset=\"https:\/\/cheaper2you.com\/wp-content\/uploads\/2023\/02\/La-Brigade-Laitiere-Panna-Cotta.jpg 300w, https:\/\/cheaper2you.com\/wp-content\/uploads\/2023\/02\/La-Brigade-Laitiere-Panna-Cotta-142x300.jpg 142w, https:\/\/cheaper2you.com\/wp-content\/uploads\/2023\/02\/La-Brigade-Laitiere-Panna-Cotta-71x150.jpg 71w\" sizes=\"auto, (max-width: 300px) 100vw, 300px\" \/><\/div><a href=\"https:\/\/cheaper2you.com\/de\/la-brigade-laitiere\/#product_20896\" class=\"button addtocartbutton\">Details<\/a><\/li>\n<li class=\"product type-product post-20876 status-publish last instock product_cat-unkategorisiert has-post-thumbnail taxable shipping-taxable product-type-external\">\n\t<a href=\"https:\/\/cheaper2you.com\/de\/la-brigade-laitiere\/#product_20876\" class=\"woocommerce-LoopProduct-link\"><div class=\"imagewrapper\"><img loading=\"lazy\" decoding=\"async\" width=\"300\" height=\"635\" src=\"https:\/\/cheaper2you.com\/wp-content\/uploads\/2023\/02\/La-Brigade-Laitiere-Creme-Anglaise.jpg\" class=\"attachment-shop_catalog size-shop_catalog wp-post-image\" alt=\"\" srcset=\"https:\/\/cheaper2you.com\/wp-content\/uploads\/2023\/02\/La-Brigade-Laitiere-Creme-Anglaise.jpg 300w, https:\/\/cheaper2you.com\/wp-content\/uploads\/2023\/02\/La-Brigade-Laitiere-Creme-Anglaise-142x300.jpg 142w, https:\/\/cheaper2you.com\/wp-content\/uploads\/2023\/02\/La-Brigade-Laitiere-Creme-Anglaise-71x150.jpg 71w\" sizes=\"auto, (max-width: 300px) 100vw, 300px\" \/><\/div><a href=\"https:\/\/cheaper2you.com\/de\/la-brigade-laitiere\/#product_20876\" class=\"button addtocartbutton\">Details<\/a><\/li>\n<\/ul>\n<\/div>\n\n\n\n<h2 class=\"wp-block-heading\">Aktuelle Produkte &#8211; Pinsami<\/h2>\n\n\n<div class=\"woocommerce columns-4 \"><ul class=\"products columns-4\">\n<li class=\"product type-product post-20926 status-publish first instock product_cat-unkategorisiert has-post-thumbnail taxable shipping-taxable product-type-external\">\n\t<a href=\"https:\/\/cheaper2you.com\/de\/pinsami-la-pinsa-klassich-ambient-230g\/\" class=\"woocommerce-LoopProduct-link\"><div class=\"imagewrapper\"><img loading=\"lazy\" decoding=\"async\" width=\"324\" height=\"253\" src=\"https:\/\/cheaper2you.com\/wp-content\/uploads\/2023\/02\/Pinsami-6-324x253.jpg\" class=\"attachment-shop_catalog size-shop_catalog wp-post-image\" alt=\"\" srcset=\"https:\/\/cheaper2you.com\/wp-content\/uploads\/2023\/02\/Pinsami-6-324x253.jpg 324w, https:\/\/cheaper2you.com\/wp-content\/uploads\/2023\/02\/Pinsami-6-300x234.jpg 300w, https:\/\/cheaper2you.com\/wp-content\/uploads\/2023\/02\/Pinsami-6-150x117.jpg 150w, https:\/\/cheaper2you.com\/wp-content\/uploads\/2023\/02\/Pinsami-6-768x599.jpg 768w, https:\/\/cheaper2you.com\/wp-content\/uploads\/2023\/02\/Pinsami-6-416x324.jpg 416w, https:\/\/cheaper2you.com\/wp-content\/uploads\/2023\/02\/Pinsami-6.jpg 812w\" sizes=\"auto, (max-width: 324px) 100vw, 324px\" \/><\/div><a href=\"https:\/\/cheaper2you.com\/de\/pinsami-la-pinsa-klassich-ambient-230g\/\" class=\"button addtocartbutton\">Details<\/a><\/li>\n<li class=\"product type-product post-20970 status-publish instock product_cat-unkategorisiert has-post-thumbnail taxable shipping-taxable product-type-external\">\n\t<a href=\"https:\/\/cheaper2you.com\/de\/pinsami-professional-klassisch-ambient-2-x-230g\/\" class=\"woocommerce-LoopProduct-link\"><div class=\"imagewrapper\"><img loading=\"lazy\" decoding=\"async\" width=\"324\" height=\"429\" src=\"https:\/\/cheaper2you.com\/wp-content\/uploads\/2023\/03\/Pinsa_Pro-324x429.jpg\" class=\"attachment-shop_catalog size-shop_catalog wp-post-image\" alt=\"\" srcset=\"https:\/\/cheaper2you.com\/wp-content\/uploads\/2023\/03\/Pinsa_Pro-324x429.jpg 324w, https:\/\/cheaper2you.com\/wp-content\/uploads\/2023\/03\/Pinsa_Pro-226x300.jpg 226w, https:\/\/cheaper2you.com\/wp-content\/uploads\/2023\/03\/Pinsa_Pro-113x150.jpg 113w, https:\/\/cheaper2you.com\/wp-content\/uploads\/2023\/03\/Pinsa_Pro-416x551.jpg 416w, https:\/\/cheaper2you.com\/wp-content\/uploads\/2023\/03\/Pinsa_Pro.jpg 763w\" sizes=\"auto, (max-width: 324px) 100vw, 324px\" \/><\/div><a href=\"https:\/\/cheaper2you.com\/de\/pinsami-professional-klassisch-ambient-2-x-230g\/\" class=\"button addtocartbutton\">Details<\/a><\/li>\n<li class=\"product type-product post-20996 status-publish instock product_cat-unkategorisiert has-post-thumbnail taxable shipping-taxable product-type-external\">\n\t<a href=\"https:\/\/cheaper2you.com\/de\/pinsa-rund-3-x-250g\/\" class=\"woocommerce-LoopProduct-link\"><div class=\"imagewrapper\"><img loading=\"lazy\" decoding=\"async\" width=\"324\" height=\"243\" src=\"https:\/\/cheaper2you.com\/wp-content\/uploads\/2023\/03\/DE_TONDA_3x250_AMBIANTE_PINSAMIPRO-324x243.jpg\" class=\"attachment-shop_catalog size-shop_catalog wp-post-image\" alt=\"\" srcset=\"https:\/\/cheaper2you.com\/wp-content\/uploads\/2023\/03\/DE_TONDA_3x250_AMBIANTE_PINSAMIPRO-324x243.jpg 324w, https:\/\/cheaper2you.com\/wp-content\/uploads\/2023\/03\/DE_TONDA_3x250_AMBIANTE_PINSAMIPRO-300x225.jpg 300w, https:\/\/cheaper2you.com\/wp-content\/uploads\/2023\/03\/DE_TONDA_3x250_AMBIANTE_PINSAMIPRO-1024x768.jpg 1024w, https:\/\/cheaper2you.com\/wp-content\/uploads\/2023\/03\/DE_TONDA_3x250_AMBIANTE_PINSAMIPRO-150x113.jpg 150w, https:\/\/cheaper2you.com\/wp-content\/uploads\/2023\/03\/DE_TONDA_3x250_AMBIANTE_PINSAMIPRO-768x576.jpg 768w, https:\/\/cheaper2you.com\/wp-content\/uploads\/2023\/03\/DE_TONDA_3x250_AMBIANTE_PINSAMIPRO-1536x1152.jpg 1536w, https:\/\/cheaper2you.com\/wp-content\/uploads\/2023\/03\/DE_TONDA_3x250_AMBIANTE_PINSAMIPRO-2048x1536.jpg 2048w, https:\/\/cheaper2you.com\/wp-content\/uploads\/2023\/03\/DE_TONDA_3x250_AMBIANTE_PINSAMIPRO-416x312.jpg 416w\" sizes=\"auto, (max-width: 324px) 100vw, 324px\" \/><\/div><a href=\"https:\/\/cheaper2you.com\/de\/pinsa-rund-3-x-250g\/\" class=\"button addtocartbutton\">Details<\/a><\/li>\n<li class=\"product type-product post-21004 status-publish last instock product_cat-unkategorisiert has-post-thumbnail taxable shipping-taxable product-type-external\">\n\t<a href=\"https:\/\/cheaper2you.com\/de\/pinsa-mini-4-x-130g\/\" class=\"woocommerce-LoopProduct-link\"><div class=\"imagewrapper\"><img loading=\"lazy\" decoding=\"async\" width=\"324\" height=\"243\" src=\"https:\/\/cheaper2you.com\/wp-content\/uploads\/2023\/03\/DE_MINI-PINSA_4x130_AMBIANTE_PINSAMIPRO-324x243.jpg\" class=\"attachment-shop_catalog size-shop_catalog wp-post-image\" alt=\"\" srcset=\"https:\/\/cheaper2you.com\/wp-content\/uploads\/2023\/03\/DE_MINI-PINSA_4x130_AMBIANTE_PINSAMIPRO-324x243.jpg 324w, https:\/\/cheaper2you.com\/wp-content\/uploads\/2023\/03\/DE_MINI-PINSA_4x130_AMBIANTE_PINSAMIPRO-300x225.jpg 300w, https:\/\/cheaper2you.com\/wp-content\/uploads\/2023\/03\/DE_MINI-PINSA_4x130_AMBIANTE_PINSAMIPRO-1024x768.jpg 1024w, https:\/\/cheaper2you.com\/wp-content\/uploads\/2023\/03\/DE_MINI-PINSA_4x130_AMBIANTE_PINSAMIPRO-150x113.jpg 150w, https:\/\/cheaper2you.com\/wp-content\/uploads\/2023\/03\/DE_MINI-PINSA_4x130_AMBIANTE_PINSAMIPRO-768x576.jpg 768w, https:\/\/cheaper2you.com\/wp-content\/uploads\/2023\/03\/DE_MINI-PINSA_4x130_AMBIANTE_PINSAMIPRO-1536x1152.jpg 1536w, https:\/\/cheaper2you.com\/wp-content\/uploads\/2023\/03\/DE_MINI-PINSA_4x130_AMBIANTE_PINSAMIPRO-416x312.jpg 416w, https:\/\/cheaper2you.com\/wp-content\/uploads\/2023\/03\/DE_MINI-PINSA_4x130_AMBIANTE_PINSAMIPRO.jpg 2000w\" sizes=\"auto, (max-width: 324px) 100vw, 324px\" \/><\/div><a href=\"https:\/\/cheaper2you.com\/de\/pinsa-mini-4-x-130g\/\" class=\"button addtocartbutton\">Details<\/a><\/li>\n<\/ul>\n<\/div>\n","protected":false},"excerpt":{"rendered":"<p>cheaper2you ist ein internationales online Factory Outlet, \u00fcber das Hersteller direkt ihre Lebensmittel, Wasch-, Putz- und Reinigungsmittel- sowie Non-Food&nbsp;Artikel ab Werk anbieten. Gro\u00dfabnehmer wie Hotels, Restaurants, Caterer&nbsp;und Einzelh\u00e4ndler k\u00f6nnen so direkt vom Hersteller ohne Zwischenh\u00e4ndler ihre Waren kartonweise beziehen. Alle unsere&nbsp;Aktivit\u00e4ten&nbsp;sind dem Ziel untergeordnet, die gleichen Produkte&nbsp;billiger anbieten zu k\u00f6nnen als jeder andere.&nbsp;Wir erreichen unseren [&hellip;]<\/p>\n","protected":false},"author":1,"featured_media":0,"parent":0,"menu_order":0,"comment_status":"closed","ping_status":"open","template":"","meta":{"footnotes":""},"class_list":["post-2","page","type-page","status-publish","hentry"],"_links":{"self":[{"href":"https:\/\/cheaper2you.com\/de\/wp-json\/wp\/v2\/pages\/2","targetHints":{"allow":["GET"]}}],"collection":[{"href":"https:\/\/cheaper2you.com\/de\/wp-json\/wp\/v2\/pages"}],"about":[{"href":"https:\/\/cheaper2you.com\/de\/wp-json\/wp\/v2\/types\/page"}],"author":[{"embeddable":true,"href":"https:\/\/cheaper2you.com\/de\/wp-json\/wp\/v2\/users\/1"}],"replies":[{"embeddable":true,"href":"https:\/\/cheaper2you.com\/de\/wp-json\/wp\/v2\/comments?post=2"}],"version-history":[{"count":69,"href":"https:\/\/cheaper2you.com\/de\/wp-json\/wp\/v2\/pages\/2\/revisions"}],"predecessor-version":[{"id":21005,"href":"https:\/\/cheaper2you.com\/de\/wp-json\/wp\/v2\/pages\/2\/revisions\/21005"}],"wp:attachment":[{"href":"https:\/\/cheaper2you.com\/de\/wp-json\/wp\/v2\/media?parent=2"}],"curies":[{"name":"wp","href":"https:\/\/api.w.org\/{rel}","templated":true}]}}