{"id":1949,"date":"2017-10-06T13:21:56","date_gmt":"2017-10-06T13:21:56","guid":{"rendered":"https:\/\/cheaper2you.com\/?page_id=1949"},"modified":"2017-10-06T13:23:09","modified_gmt":"2017-10-06T13:23:09","slug":"about-us","status":"publish","type":"page","link":"https:\/\/cheaper2you.com\/de\/about-us\/","title":{"rendered":"Wir \u00fcber uns"},"content":{"rendered":"<p>&nbsp;<\/p>\n<p><u><b>Was ist cheaper2you<\/b><\/u><\/p>\n<p>cheaper2you ist die ideale L\u00f6sung f\u00fcr Gro\u00dfverbraucher, die Produkte ihres laufenden Bedarfs auf einer Plattform bestellen wollen, ohne Zwischenhandelsstufen bezahlen zu m\u00fcssen &#8211; und das bei moderaten Mindestbestellmengen, effizienten Logistikwegen und hochinteressanten Preisen. Wir werden w\u00f6chentlich neue Lieferanten pr\u00e4sentieren, die neben regionalen und internationalen Artikel auch Spezialit\u00e4ten anbieten.<\/p>\n<p>cheaper2you ist eine E-Commerce-Plattform, bei der alle FMCG-Hersteller ihre Produkte direkt an B2B-Kunden anbieten k\u00f6nnen. cheaper2you ist kein Gro\u00dfh\u00e4ndler, sondern bietet die B\u00fcndelung des Angebots, der Zahlung und der Logistik als Service f\u00fcr Hersteller an.<\/p>\n<p>&nbsp;<\/p>\n<p>&nbsp;<\/p>\n<p><u><b>Warum cheaper2you?<\/b><\/u><\/p>\n<p>Wir betreiben seit Jahren eine Online-Messe <u><a href=\"http:\/\/www.mynetfair.com\/\">www.mynetfair.com<\/a><\/u> , auf der Hersteller unter anderem ihre Produkte mit allen Details dem Handel wie auf einer Messe vorstellen k\u00f6nnen. Sie finden auf\u00a0 <u><a href=\"http:\/\/www.mynetfair.com\/\">www.mynetfair.com<\/a><\/u>\u00a0 \u00fcber 1.5 Millionen Artikel von tausenden Herstellern.<\/p>\n<p>Wir sind immer wieder von Kunden und\u00a0 Herstellern angesprochen worden, ob wir nicht die L\u00fccken schlie\u00dfen und direkt verkaufen k\u00f6nnen. Daher haben wir uns entschlossen, cheaper2you zu gr\u00fcnden.<\/p>\n","protected":false},"excerpt":{"rendered":"<p>&nbsp; Was ist cheaper2you cheaper2you ist die ideale L\u00f6sung f\u00fcr Gro\u00dfverbraucher, die Produkte ihres laufenden Bedarfs auf einer Plattform bestellen wollen, ohne Zwischenhandelsstufen bezahlen zu m\u00fcssen &#8211; und das bei moderaten Mindestbestellmengen, effizienten Logistikwegen und hochinteressanten Preisen. Wir werden w\u00f6chentlich neue Lieferanten pr\u00e4sentieren, die neben regionalen und internationalen Artikel auch Spezialit\u00e4ten anbieten. cheaper2you ist eine [&hellip;]<\/p>\n","protected":false},"author":1,"featured_media":0,"parent":0,"menu_order":0,"comment_status":"closed","ping_status":"closed","template":"","meta":{"footnotes":""},"class_list":["post-1949","page","type-page","status-publish","hentry"],"_links":{"self":[{"href":"https:\/\/cheaper2you.com\/de\/wp-json\/wp\/v2\/pages\/1949","targetHints":{"allow":["GET"]}}],"collection":[{"href":"https:\/\/cheaper2you.com\/de\/wp-json\/wp\/v2\/pages"}],"about":[{"href":"https:\/\/cheaper2you.com\/de\/wp-json\/wp\/v2\/types\/page"}],"author":[{"embeddable":true,"href":"https:\/\/cheaper2you.com\/de\/wp-json\/wp\/v2\/users\/1"}],"replies":[{"embeddable":true,"href":"https:\/\/cheaper2you.com\/de\/wp-json\/wp\/v2\/comments?post=1949"}],"version-history":[{"count":2,"href":"https:\/\/cheaper2you.com\/de\/wp-json\/wp\/v2\/pages\/1949\/revisions"}],"predecessor-version":[{"id":1951,"href":"https:\/\/cheaper2you.com\/de\/wp-json\/wp\/v2\/pages\/1949\/revisions\/1951"}],"wp:attachment":[{"href":"https:\/\/cheaper2you.com\/de\/wp-json\/wp\/v2\/media?parent=1949"}],"curies":[{"name":"wp","href":"https:\/\/api.w.org\/{rel}","templated":true}]}}