{"id":1939,"date":"2017-10-06T13:08:24","date_gmt":"2017-10-06T13:08:24","guid":{"rendered":"https:\/\/cheaper2you.com\/?page_id=1939"},"modified":"2022-11-24T14:23:59","modified_gmt":"2022-11-24T14:23:59","slug":"faq","status":"publish","type":"page","link":"https:\/\/cheaper2you.com\/de\/faq\/","title":{"rendered":"Kurz erkl\u00e4rt \/ FAQ"},"content":{"rendered":"<p><a href=\"#faq-10\"><span style=\"color: #333333;\">Wie funktioniert cheaper2you?<\/span><\/a><\/p>\n<p><a href=\"#faq-20\"><span style=\"color: #333333;\">Was testen wir in der Anlaufphase?<\/span><\/a><\/p>\n<p><a href=\"#faq-30\"><span style=\"color: #333333;\">Wann kommen mehr Artikel?<\/span><\/a><\/p>\n<p><a href=\"#faq-40\"><span style=\"color: #333333;\">Kann man Artikel anfordern, die noch nicht auf cheaper2you sind?<\/span><\/a><\/p>\n<p><a href=\"#faq-50\"><span style=\"color: #333333;\">Wie erfahre ich, wann weitere Artikel dazukommen?<\/span><\/a><\/p>\n<p><a href=\"#faq-60\"><span style=\"color: #333333;\">Wie funktioniert die Verlosung von Einkaufsgutscheinen?<\/span><\/a><\/p>\n<p><a href=\"#faq-70\"><span style=\"color: #333333;\">Wie kann ich den Kundenservice erreichen?<\/span><\/a><\/p>\n<p><a href=\"#faq-80\"><span style=\"color: #333333;\">Wann erfahre ich die Lieferzeiten?<\/span><\/a><\/p>\n<p><a href=\"#faq-90\"><span style=\"color: #333333;\">Wie machen Sie die Preisvergleiche?<\/span><\/a><\/p>\n<p><!--<a href=\"#faq-100\"><span style=\"color: #333333;\">Wie funktioniert der Produktvergleich<\/span><\/a>\n\n<a href=\"#faq-110\"><span style=\"color: #333333;\">Wie lese ich die Preisvergleiche<\/span><\/a>--><\/p>\n<h3><span id=\"faq-10\" style=\"color: #4f81bd;\">Wie funktioniert cheaper2you?<\/span><\/h3>\n<p>Sie legen Ihre gew\u00fcnschte Ware, wie auf jeder anderen E-Commerce Seite, in den Warenkorb. Dort finden Sie weitere Informationen zu Ihrer Bestellung, wie zum Beispiel Ihre Gesamteinsparungen.\u00a0 Nach dem Check-Out leiten wir Ihre Bestellung an die verschiedenen Hersteller weiter und k\u00fcmmern uns um die Logistik. Sie bekommen die Ware per Kurier zugeschickt.<\/p>\n<p><a href=\"https:\/\/cheaper2you.com\/wp-content\/uploads\/2017\/10\/faq1.png\"><img loading=\"lazy\" decoding=\"async\" class=\"wp-image-1943 aligncenter\" src=\"https:\/\/cheaper2you.com\/wp-content\/uploads\/2017\/10\/faq1-300x203.png\" alt=\"\" width=\"557\" height=\"377\" srcset=\"https:\/\/cheaper2you.com\/wp-content\/uploads\/2017\/10\/faq1-300x203.png 300w, https:\/\/cheaper2you.com\/wp-content\/uploads\/2017\/10\/faq1-768x520.png 768w, https:\/\/cheaper2you.com\/wp-content\/uploads\/2017\/10\/faq1-180x122.png 180w, https:\/\/cheaper2you.com\/wp-content\/uploads\/2017\/10\/faq1-600x406.png 600w, https:\/\/cheaper2you.com\/wp-content\/uploads\/2017\/10\/faq1-44x30.png 44w, https:\/\/cheaper2you.com\/wp-content\/uploads\/2017\/10\/faq1.png 897w\" sizes=\"auto, (max-width: 557px) 100vw, 557px\" \/><\/a><\/p>\n<h3><span id=\"faq-20\" style=\"color: #4f81bd;\">Was testen wir in der Anlaufphase?<\/span><\/h3>\n<p>Wir\u00a0 testen alle internen und externen Abl\u00e4ufe und werden cheaper2you f\u00fcr alle Kunden zug\u00e4nglich machen, sobald alles einwandfrei funktioniert.<\/p>\n<h3><span id=\"faq-30\" style=\"color: #4f81bd;\">Wann kommen mehr Artikel?<\/span><\/h3>\n<p>Wir werden St\u00fcck f\u00fcr St\u00fcck weitere Lieferanten und Artikel anbieten. Es wird aber noch einige Zeit dauern, bis wir ein vollst\u00e4ndiges Sortiment haben.<\/p>\n<h3><span id=\"faq-40\" style=\"color: #4f81bd;\">Kann man Artikel anfordern, die noch nicht auf chaper2you sind?<\/span><\/h3>\n<p>Sie k\u00f6nnen uns entweder direkt \u00fcber <a href=\"mailto:info@cheaper2you.com\">info@cheaper2you.com<\/a> kontaktieren oder \u00fcber www.mynetfair.com direkt nach dem gew\u00fcnschten Artikeln suchen und uns Ihre W\u00fcnsche mitteilen. Wir werden versuchen diese W\u00fcnsche zu ber\u00fccksichtigen.<\/p>\n<h3><span id=\"faq-50\" style=\"color: #4f81bd;\">Wie erfahre ich, wann weitere Artikel dazukommen?<\/span><\/h3>\n<p>Sie k\u00f6nnen sich f\u00fcr unseren Newsletter anmelden, \u00fcber dem wir Sie \u00fcber alle Entwicklungen auf dem Laufenden halten.<\/p>\n<h3><span id=\"faq-60\" style=\"color: #4f81bd;\">Wie funktioniert die Verlosung von Einkaufsgutscheinen?<\/span><\/h3>\n<h4 style=\"text-align: center;\">Mitmachen und gewinnen<\/h4>\n<h4 style=\"text-align: center;\"><strong>F\u00fcr den Launch unserer Beta Version mit einem kleinem Sortiment verlosen wir als Dankesch\u00f6n Einkaufsgutscheine<\/strong><strong>*<\/strong><\/h4>\n<h4 style=\"text-align: center;\"><strong>\u00a0<\/strong><\/h4>\n<h4 style=\"text-align: center;\"><strong>1 x \u20ac100 unter den ersten 100 Teilnehmern<\/strong><\/h4>\n<h4 style=\"text-align: center;\"><strong>1 x \u20ac250 unter den ersten 250 Teilnehmern<\/strong><\/h4>\n<h4 style=\"text-align: center;\"><strong>1 x \u20ac1000 unter den ersten 1000 Teilnehmern<\/strong><\/h4>\n<h4 style=\"text-align: center;\"><strong>\u00a0<\/strong><\/h4>\n<h4 style=\"text-align: center;\"><strong>Registrierung ist ab sofort m\u00f6glich,<\/strong><\/h4>\n<h4 style=\"text-align: center;\"><strong>Bestellungen ab Mittwoch, dem 04.10.2017<\/strong><\/h4>\n<p><strong>\u00a0<\/strong><\/p>\n<p>Gutscheine k\u00f6nnen f\u00fcr alle Lieferanten auf cheaper2you eingel\u00f6st werden.\u00a0 Die ersten 100 Teilnehmer nehmen an allen Verlosungen teil, Teilnehmer von 101 bis 250 haben eine Chance auf den \u20ac250 und \u20ac1000 Gutschein, Teilnehmer von 251 bis 1000 auf den \u20ac1000 Gutschein. Die Reihenfolge wird durch die Registrierung bestimmt, nur ein Teilnehmer pro Firma. Die Verlosungen finden jeweils in der Woche nach dem Erreichen der Teilnehmerzahl statt. Gewinner werden schriftlich benachrichtig. Der Rechtsweg ist ausgeschlossen.<\/p>\n<h3><span id=\"faq-70\" style=\"color: #4f81bd;\">Wie kann ich den Kundenservice erreichen?<\/span><\/h3>\n<p><u>Kontakt:<\/u>\u00a0\u00a0\u00a0 info@cheaper2you.com<\/p>\n<p>Tel.\u00a0 07851 6188-290<\/p>\n<h3><span id=\"faq-80\" style=\"color: #4f81bd;\">Wann erfahre ich die Lieferzeiten?<\/span><\/h3>\n<p>Unsere Standard-Lieferzeit direkt vom Hersteller betr\u00e4gt 3-4 Tage. Sie erhalten eine Auftragsbest\u00e4tigung sowie eine Mitteilung von UPS, wann Ihre Ware voraussichtlich ankommen wird. Wir versuchen unsere Lieferzeit mit der Zeit zu verk\u00fcrzen.<\/p>\n<h3><span id=\"faq-90\" style=\"color: #4f81bd;\">Wie machen Sie die Preisvergleiche<\/span><\/h3>\n<p>Wir werden unsere Preise w\u00f6chentlich mit Preisen im deutschen C&amp;C \u2013 Handel und im Internet, zu dem jeweils g\u00fcnstigsten Angebot zu gleichen Bedingungen vergleichen und unsere Kunden informieren, sobald dies der Fall ist.<br \/>\n<!--Wir vergleichen unsere Preise mit denen zug\u00e4nglichen Preisen von Gro\u00dfhandelsdistributoren und zeigen Ihnen das Ergebnis zu dem jeweils g\u00fcnstigsten Preis an den wir gefunden haben. In dem Preisvergleich werden keine Werbungen und Kundenspezifische Rabatte ber\u00fccksichtigt.\n\nWenn kein eins-zu-eins Produktvergleich zur Verf\u00fcgung steht, beziehen wir uns auf Vergleichbare Artikel. (siehe Produktvergleich) Wenn es diesen nicht gibt, zeigen wir keinen Preisevergleich an.\n\nSollten wir in Einzelf\u00e4llen teurer sein m\u00fcssen als unsere Wettbewerber zeigen wir dies an, wenn der Artikel f\u00fcr eine unsere Kundengruppe notwendig ist. Wenn nicht, f\u00fchren wir keine Artikel, bei denn wir nicht billiger sein k\u00f6nnen.\n\n\n<h3><span id=\"faq-100\" style=\"color: #4f81bd;\">Wie funktioniert der Produktvergleich<\/span><\/h3>\n\n\nf\u00fcr den Produktvergleich benutzen wir folgende Logik:\n\n\n<ol>\n \t\n\n<li>Artikel, die wir eins zu eins vergleichen k\u00f6nnen weil sie identisch sind<\/li>\n\n\n \t\n\n<li>Artikel, die identischen Inhalt haben, aber eine andere Verpackungsgr\u00f6\u00dfe<\/li>\n\n\n \t\n\n<li>Artikel, die einen vergleichbaren Inhalt haben mit der gleichen Verpackungsgr\u00f6\u00dfe<\/li>\n\n\n \t\n\n<li>Artikel, die einen vergleichbaren Inhalt haben mit anderer Verpackungsgr\u00f6\u00dfe, und<\/li>\n\n\n \t\n\n<li>Artikel, zu denen es keinen direkten Vergleich gibt ( zb. Wein aus einem bestimmten Weingut)<\/li>\n\n\n<\/ol>\n\n\nDer Gesamtbetrag den Sie sparen, der Ihnen auch im Warenkorb angezeigt wird, ber\u00fccksichtigt alle Produkte und Differenzen.\n\n\n<h3><span id=\"faq-110\" style=\"color: #4f81bd;\">Wie lese ich die Preisvergleiche<\/span><\/h3>\n\n\n\n\n<ul>\n \t\n\n<li>Wenn wir billiger sind zeigen wir den Vergleichspreis und die Differenz in - % in rot an<\/li>\n\n\n \t\n\n<li>Wenn wir teurerer sind, zeigen wir den Vergleichspreis und die Differenz in + % ohne Farbhinterlegung an<\/li>\n\n\n \t\n\n<li>Wenn der Artikel nicht vergleichbar ist, zeigen wir keinen Preisvergleich<\/li>\n\n\n<\/ul>\n\n\n--><\/p>\n","protected":false},"excerpt":{"rendered":"<p>Wie funktioniert cheaper2you? Was testen wir in der Anlaufphase? Wann kommen mehr Artikel? Kann man Artikel anfordern, die noch nicht auf cheaper2you sind? Wie erfahre ich, wann weitere Artikel dazukommen? Wie funktioniert die Verlosung von Einkaufsgutscheinen? Wie kann ich den Kundenservice erreichen? Wann erfahre ich die Lieferzeiten? Wie machen Sie die Preisvergleiche? Wie funktioniert cheaper2you? [&hellip;]<\/p>\n","protected":false},"author":1,"featured_media":0,"parent":0,"menu_order":0,"comment_status":"closed","ping_status":"closed","template":"","meta":{"footnotes":""},"class_list":["post-1939","page","type-page","status-publish","hentry"],"_links":{"self":[{"href":"https:\/\/cheaper2you.com\/de\/wp-json\/wp\/v2\/pages\/1939","targetHints":{"allow":["GET"]}}],"collection":[{"href":"https:\/\/cheaper2you.com\/de\/wp-json\/wp\/v2\/pages"}],"about":[{"href":"https:\/\/cheaper2you.com\/de\/wp-json\/wp\/v2\/types\/page"}],"author":[{"embeddable":true,"href":"https:\/\/cheaper2you.com\/de\/wp-json\/wp\/v2\/users\/1"}],"replies":[{"embeddable":true,"href":"https:\/\/cheaper2you.com\/de\/wp-json\/wp\/v2\/comments?post=1939"}],"version-history":[{"count":11,"href":"https:\/\/cheaper2you.com\/de\/wp-json\/wp\/v2\/pages\/1939\/revisions"}],"predecessor-version":[{"id":20633,"href":"https:\/\/cheaper2you.com\/de\/wp-json\/wp\/v2\/pages\/1939\/revisions\/20633"}],"wp:attachment":[{"href":"https:\/\/cheaper2you.com\/de\/wp-json\/wp\/v2\/media?parent=1939"}],"curies":[{"name":"wp","href":"https:\/\/api.w.org\/{rel}","templated":true}]}}